{"id":29281,"date":"2023-10-10T10:22:28","date_gmt":"2023-10-10T08:22:28","guid":{"rendered":"https:\/\/newvalfish.ch\/startseite\/"},"modified":"2024-01-17T08:32:13","modified_gmt":"2024-01-17T07:32:13","slug":"startseite","status":"publish","type":"page","link":"https:\/\/newvalfish.ch\/de\/","title":{"rendered":"Home"},"content":{"rendered":"<p>[et_pb_section fb_built=&#8220;1&#8243; make_equal=&#8220;on&#8220; next_background_color=&#8220;#ffffff&#8220; padding_top_1=&#8220;8vw&#8220; padding_bottom_1=&#8220;8vw&#8220; padding_top_bottom_link_1=&#8220;true&#8220; padding_left_right_link_1=&#8220;false&#8220; _builder_version=&#8220;4.22.2&#8243; _module_preset=&#8220;default&#8220; background_color=&#8220;rgba(0,154,62,0.08)&#8220; background_image=&#8220;http:\/\/newvalfish.ch\/wp-content\/uploads\/2023\/10\/New-Valfish-1.webp&#8220; background_blend=&#8220;multiply&#8220; custom_padding=&#8220;||0px||false|false&#8220; bottom_divider_style=&#8220;waves&#8220; global_colors_info=&#8220;{}&#8220;][et_pb_row _builder_version=&#8220;4.16&#8243; _module_preset=&#8220;default&#8220; custom_padding=&#8220;||25px|||&#8220; global_colors_info=&#8220;{}&#8220;][et_pb_column type=&#8220;4_4&#8243; _builder_version=&#8220;4.16&#8243; _module_preset=&#8220;default&#8220; global_colors_info=&#8220;{}&#8220;][et_pb_text _builder_version=&#8220;4.22.2&#8243; header_font=&#8220;Alata||||||||&#8220; header_text_color=&#8220;#009a3e&#8220; header_font_size=&#8220;100px&#8220; header_line_height=&#8220;1.2em&#8220; header_2_font=&#8220;DM Sans|700||on|||||&#8220; header_2_font_size=&#8220;20px&#8220; header_2_letter_spacing=&#8220;6px&#8220; header_2_line_height=&#8220;1.4em&#8220; max_width=&#8220;800px&#8220; max_width_tablet=&#8220;430px&#8220; max_width_phone=&#8220;300px&#8220; max_width_last_edited=&#8220;on|phone&#8220; header_font_size_tablet=&#8220;50px&#8220; header_font_size_phone=&#8220;35px&#8220; header_font_size_last_edited=&#8220;on|phone&#8220; header_2_font_size_tablet=&#8220;14px&#8220; header_2_font_size_phone=&#8220;12px&#8220; header_2_font_size_last_edited=&#8220;on|desktop&#8220; locked=&#8220;off&#8220; global_colors_info=&#8220;{}&#8220;]<\/p>\n<h2>New valfish<\/h2>\n<h1>Ihr Schweizer Produzent von<\/h1>\n<h1>Bio-Forellen<\/h1>\n<p>[\/et_pb_text][\/et_pb_column][\/et_pb_row][et_pb_row column_structure=&#8220;1_2,1_2&#8243; disabled_on=&#8220;on|off|off&#8220; _builder_version=&#8220;4.22.2&#8243; _module_preset=&#8220;default&#8220; min_height=&#8220;289px&#8220; custom_padding=&#8220;||145px|||&#8220; global_colors_info=&#8220;{}&#8220;][et_pb_column type=&#8220;1_2&#8243; _builder_version=&#8220;4.22.2&#8243; _module_preset=&#8220;default&#8220; global_colors_info=&#8220;{}&#8220;][\/et_pb_column][et_pb_column type=&#8220;1_2&#8243; _builder_version=&#8220;4.22.2&#8243; _module_preset=&#8220;default&#8220; global_colors_info=&#8220;{}&#8220;][\/et_pb_column][\/et_pb_row][\/et_pb_section][et_pb_section fb_built=&#8220;1&#8243; admin_label=&#8220;Stats&#8220; _builder_version=&#8220;4.16&#8243; _module_preset=&#8220;default&#8220; custom_margin=&#8220;7px|||||&#8220; global_colors_info=&#8220;{}&#8220;][et_pb_row column_structure=&#8220;1_4,1_4,1_4,1_4&#8243; use_custom_gutter=&#8220;on&#8220; gutter_width=&#8220;2&#8243; _builder_version=&#8220;4.16&#8243; _module_preset=&#8220;default&#8220; locked=&#8220;off&#8220; global_colors_info=&#8220;{}&#8220;][et_pb_column type=&#8220;1_4&#8243; _builder_version=&#8220;4.16&#8243; _module_preset=&#8220;default&#8220; global_colors_info=&#8220;{}&#8220;][et_pb_image src=&#8220;http:\/\/newvalfish.ch\/wp-content\/uploads\/2023\/10\/1.png&#8220; title_text=&#8220;1&#8243; align=&#8220;center&#8220; _builder_version=&#8220;4.22.2&#8243; _module_preset=&#8220;default&#8220; width=&#8220;90px&#8220; locked=&#8220;off&#8220; global_colors_info=&#8220;{}&#8220;][\/et_pb_image][et_pb_number_counter title=&#8220;GR\u00dcNDUNGSJAHR&#8220; number=&#8220;2006&#8243; percent_sign=&#8220;off&#8220; _builder_version=&#8220;4.22.2&#8243; _module_preset=&#8220;default&#8220; title_font=&#8220;DM Sans|700||on|||||&#8220; title_font_size=&#8220;12px&#8220; title_letter_spacing=&#8220;3px&#8220; title_line_height=&#8220;1.5em&#8220; number_font=&#8220;Alata||||||||&#8220; number_font_size=&#8220;60px&#8220; number_line_height=&#8220;70px&#8220; hover_enabled=&#8220;0&#8243; number_font_size_tablet=&#8220;40px&#8220; number_font_size_phone=&#8220;&#8220; number_font_size_last_edited=&#8220;on|phone&#8220; locked=&#8220;off&#8220; global_colors_info=&#8220;{}&#8220; sticky_enabled=&#8220;0&#8243;][\/et_pb_number_counter][\/et_pb_column][et_pb_column type=&#8220;1_4&#8243; _builder_version=&#8220;4.16&#8243; _module_preset=&#8220;default&#8220; global_colors_info=&#8220;{}&#8220;][et_pb_image src=&#8220;http:\/\/newvalfish.ch\/wp-content\/uploads\/2023\/10\/2-1.png&#8220; title_text=&#8220;2&#8243; align=&#8220;center&#8220; _builder_version=&#8220;4.22.2&#8243; _module_preset=&#8220;default&#8220; width=&#8220;90px&#8220; locked=&#8220;off&#8220; global_colors_info=&#8220;{}&#8220;][\/et_pb_image][et_pb_number_counter title=&#8220;FISCHE IN KONTINUIERLICHER ZUCHT&#8220; number=&#8220;600&#8217;000&#8243; percent_sign=&#8220;off&#8220; _builder_version=&#8220;4.22.2&#8243; _module_preset=&#8220;default&#8220; title_font=&#8220;DM Sans|700||on|||||&#8220; title_font_size=&#8220;12px&#8220; title_letter_spacing=&#8220;3px&#8220; title_line_height=&#8220;1.5em&#8220; number_font=&#8220;Alata||||||||&#8220; number_font_size=&#8220;57px&#8220; number_line_height=&#8220;70px&#8220; hover_enabled=&#8220;0&#8243; number_font_size_tablet=&#8220;40px&#8220; number_font_size_phone=&#8220;&#8220; number_font_size_last_edited=&#8220;on|phone&#8220; locked=&#8220;off&#8220; global_colors_info=&#8220;{}&#8220; sticky_enabled=&#8220;0&#8243;][\/et_pb_number_counter][\/et_pb_column][et_pb_column type=&#8220;1_4&#8243; _builder_version=&#8220;4.16&#8243; _module_preset=&#8220;default&#8220; global_colors_info=&#8220;{}&#8220;][et_pb_image src=&#8220;http:\/\/newvalfish.ch\/wp-content\/uploads\/2023\/10\/3-1.png&#8220; title_text=&#8220;3&#8243; align=&#8220;center&#8220; _builder_version=&#8220;4.22.2&#8243; _module_preset=&#8220;default&#8220; width=&#8220;90px&#8220; global_colors_info=&#8220;{}&#8220;][\/et_pb_image][et_pb_number_counter title=&#8220;PROZENT DER SCHWEIZER BIO-FORELLENPRODUKTION&#8220; number=&#8220;35&#8243; percent_sign=&#8220;off&#8220; _builder_version=&#8220;4.22.2&#8243; _module_preset=&#8220;default&#8220; title_font=&#8220;DM Sans|700||on|||||&#8220; title_font_size=&#8220;12px&#8220; title_letter_spacing=&#8220;3px&#8220; title_line_height=&#8220;1.5em&#8220; number_font=&#8220;Alata||||||||&#8220; number_font_size=&#8220;60px&#8220; number_line_height=&#8220;70px&#8220; hover_enabled=&#8220;0&#8243; number_font_size_tablet=&#8220;40px&#8220; number_font_size_phone=&#8220;&#8220; number_font_size_last_edited=&#8220;on|phone&#8220; global_colors_info=&#8220;{}&#8220; sticky_enabled=&#8220;0&#8243;][\/et_pb_number_counter][\/et_pb_column][et_pb_column type=&#8220;1_4&#8243; _builder_version=&#8220;4.16&#8243; _module_preset=&#8220;default&#8220; global_colors_info=&#8220;{}&#8220;][et_pb_image src=&#8220;http:\/\/newvalfish.ch\/wp-content\/uploads\/2023\/10\/4-1.png&#8220; title_text=&#8220;4&#8243; align=&#8220;center&#8220; _builder_version=&#8220;4.22.2&#8243; _module_preset=&#8220;default&#8220; width=&#8220;90px&#8220; locked=&#8220;off&#8220; global_colors_info=&#8220;{}&#8220;][\/et_pb_image][et_pb_number_counter title=&#8220;TONNEN VERKAUFTER FORELLEN IM JAHR 2021&#8243; number=&#8220;110&#8243; percent_sign=&#8220;off&#8220; _builder_version=&#8220;4.22.2&#8243; _module_preset=&#8220;default&#8220; title_font=&#8220;DM Sans|700||on|||||&#8220; title_font_size=&#8220;12px&#8220; title_letter_spacing=&#8220;3px&#8220; title_line_height=&#8220;1.5em&#8220; number_font=&#8220;Alata||||||||&#8220; number_font_size=&#8220;60px&#8220; number_line_height=&#8220;70px&#8220; hover_enabled=&#8220;0&#8243; number_font_size_tablet=&#8220;40px&#8220; number_font_size_phone=&#8220;&#8220; number_font_size_last_edited=&#8220;on|phone&#8220; locked=&#8220;off&#8220; global_colors_info=&#8220;{}&#8220; sticky_enabled=&#8220;0&#8243;][\/et_pb_number_counter][\/et_pb_column][\/et_pb_row][\/et_pb_section][et_pb_section fb_built=&#8220;1&#8243; admin_label=&#8220;Classes&#8220; _builder_version=&#8220;4.22.2&#8243; _module_preset=&#8220;default&#8220; background_enable_color=&#8220;off&#8220; use_background_color_gradient=&#8220;on&#8220; background_color_gradient_stops=&#8220;#009a3e 0%|#006b30 100%&#8220; custom_padding=&#8220;0px|||||&#8220; locked=&#8220;off&#8220; global_colors_info=&#8220;{}&#8220;][et_pb_row column_structure=&#8220;1_2,1_2&#8243; _builder_version=&#8220;4.22.2&#8243; _module_preset=&#8220;default&#8220; custom_padding=&#8220;45px||52px|||&#8220; locked=&#8220;off&#8220; global_colors_info=&#8220;{}&#8220;][et_pb_column type=&#8220;1_2&#8243; _builder_version=&#8220;4.16&#8243; _module_preset=&#8220;default&#8220; global_colors_info=&#8220;{}&#8220;][et_pb_text _builder_version=&#8220;4.22.2&#8243; _module_preset=&#8220;default&#8220; text_font=&#8220;Alata||||||||&#8220; text_text_color=&#8220;#FFFFFF&#8220; text_font_size=&#8220;100px&#8220; text_line_height=&#8220;1.1em&#8220; hover_enabled=&#8220;0&#8243; text_font_size_tablet=&#8220;100px&#8220; text_font_size_phone=&#8220;70px&#8220; text_font_size_last_edited=&#8220;on|phone&#8220; global_colors_info=&#8220;{}&#8220; sticky_enabled=&#8220;0&#8243;]<\/p>\n<p style=\"font-weight: 400;\"><strong>Warum Bio-Fisch essen?<\/strong><\/p>\n<p>[\/et_pb_text][\/et_pb_column][et_pb_column type=&#8220;1_2&#8243; _builder_version=&#8220;4.16&#8243; _module_preset=&#8220;default&#8220; global_colors_info=&#8220;{}&#8220;][et_pb_text _builder_version=&#8220;4.22.2&#8243; _module_preset=&#8220;default&#8220; text_font=&#8220;Barlow|300|||||||&#8220; text_text_color=&#8220;#FFFFFF&#8220; text_font_size=&#8220;25px&#8220; text_line_height=&#8220;1.2em&#8220; text_orientation=&#8220;center&#8220; max_width=&#8220;800px&#8220; module_alignment=&#8220;center&#8220; custom_padding=&#8220;23px|||||&#8220; hover_enabled=&#8220;0&#8243; global_colors_info=&#8220;{}&#8220; sticky_enabled=&#8220;0&#8243;]<\/p>\n<p>Bio-Lebensmittel werden entlang der gesamten Produktionskette kontrolliert.<\/p>\n<p>Bio steht ausserdem daf\u00fcr, den Tieren eine Umgebung und eine Lebensqualit\u00e4t zu bieten, die jener in ihrem nat\u00fcrlichen Habitat nahekommt. Schliesslich bedeutet es f\u00fcr die Konsumentinnen und Konsumenten, ein Produkt mit erstklassigen N\u00e4hrwerten zu erhalten.<\/p>\n<p>Bio zu essen ist vor allem eine Lebenseinstellung: Es geht darum, sich f\u00fcr lokale Qualit\u00e4tsprodukte zu entscheiden und dabei das Wohl der Tiere zu ber\u00fccksichtigen.<\/p>\n<p>[\/et_pb_text][\/et_pb_column][\/et_pb_row][\/et_pb_section][et_pb_section fb_built=&#8220;1&#8243; next_background_color=&#8220;#ffffff&#8220; admin_label=&#8220;Gallery&#8220; _builder_version=&#8220;4.22.2&#8243; _module_preset=&#8220;default&#8220; background_color=&#8220;rgba(0,154,62,0.08)&#8220; min_height=&#8220;1026px&#8220; custom_margin=&#8220;-1px|||||&#8220; custom_padding=&#8220;50px|||||&#8220; bottom_divider_style=&#8220;waves&#8220; locked=&#8220;off&#8220; global_colors_info=&#8220;{}&#8220;][et_pb_row column_structure=&#8220;1_4,1_4,1_4,1_4&#8243; use_custom_gutter=&#8220;on&#8220; gutter_width=&#8220;1&#8243; make_equal=&#8220;on&#8220; _builder_version=&#8220;4.16&#8243; _module_preset=&#8220;default&#8220; custom_padding=&#8220;||0px||false|false&#8220; global_colors_info=&#8220;{}&#8220;][et_pb_column type=&#8220;1_4&#8243; _builder_version=&#8220;4.16&#8243; _module_preset=&#8220;default&#8220; global_colors_info=&#8220;{}&#8220;][\/et_pb_column][et_pb_column type=&#8220;1_4&#8243; _builder_version=&#8220;4.16&#8243; _module_preset=&#8220;default&#8220; global_colors_info=&#8220;{}&#8220;][et_pb_image src=&#8220;http:\/\/newvalfish.ch\/wp-content\/uploads\/2023\/10\/Valfish-40.webp&#8220; title_text=&#8220;Valfish-40&#8243; force_fullwidth=&#8220;on&#8220; _builder_version=&#8220;4.22.2&#8243; _module_preset=&#8220;default&#8220; global_colors_info=&#8220;{}&#8220;][\/et_pb_image][\/et_pb_column][et_pb_column type=&#8220;1_4&#8243; _builder_version=&#8220;4.16&#8243; _module_preset=&#8220;default&#8220; global_colors_info=&#8220;{}&#8220;][\/et_pb_column][et_pb_column type=&#8220;1_4&#8243; _builder_version=&#8220;4.16&#8243; _module_preset=&#8220;default&#8220; global_colors_info=&#8220;{}&#8220;][et_pb_image src=&#8220;http:\/\/newvalfish.ch\/wp-content\/uploads\/2023\/10\/AdobeStock_59724508.webp&#8220; title_text=&#8220;AdobeStock_59724508&#8243; force_fullwidth=&#8220;on&#8220; _builder_version=&#8220;4.22.2&#8243; _module_preset=&#8220;default&#8220; border_radii=&#8220;on|0%|0%|0%|0%&#8220; box_shadow_style=&#8220;preset3&#8243; box_shadow_vertical=&#8220;48px&#8220; box_shadow_blur=&#8220;48px&#8220; box_shadow_spread=&#8220;-24px&#8220; global_colors_info=&#8220;{}&#8220;][\/et_pb_image][\/et_pb_column][\/et_pb_row][et_pb_row column_structure=&#8220;1_4,1_4,1_4,1_4&#8243; use_custom_gutter=&#8220;on&#8220; gutter_width=&#8220;1&#8243; make_equal=&#8220;on&#8220; _builder_version=&#8220;4.22.2&#8243; _module_preset=&#8220;default&#8220; custom_padding=&#8220;0px||||false|false&#8220; global_colors_info=&#8220;{}&#8220;][et_pb_column type=&#8220;1_4&#8243; _builder_version=&#8220;4.16&#8243; _module_preset=&#8220;default&#8220; global_colors_info=&#8220;{}&#8220;][et_pb_image src=&#8220;http:\/\/newvalfish.ch\/wp-content\/uploads\/2023\/10\/Valfish-56-scaled.webp&#8220; title_text=&#8220;Valfish-56&#8243; force_fullwidth=&#8220;on&#8220; _builder_version=&#8220;4.22.2&#8243; _module_preset=&#8220;default&#8220; custom_margin=&#8220;-56px|||||&#8220; box_shadow_style=&#8220;preset3&#8243; box_shadow_vertical=&#8220;48px&#8220; box_shadow_blur=&#8220;48px&#8220; box_shadow_spread=&#8220;-24px&#8220; locked=&#8220;off&#8220; global_colors_info=&#8220;{}&#8220;][\/et_pb_image][\/et_pb_column][et_pb_column type=&#8220;1_4&#8243; _builder_version=&#8220;4.16&#8243; _module_preset=&#8220;default&#8220; global_colors_info=&#8220;{}&#8220;][et_pb_image src=&#8220;http:\/\/newvalfish.ch\/wp-content\/uploads\/2023\/10\/Valfish-62.webp&#8220; title_text=&#8220;Valfish-62&#8243; force_fullwidth=&#8220;on&#8220; _builder_version=&#8220;4.22.2&#8243; _module_preset=&#8220;default&#8220; border_radii=&#8220;on|0%|0%|0%|0%&#8220; box_shadow_style=&#8220;preset3&#8243; box_shadow_vertical=&#8220;48px&#8220; box_shadow_blur=&#8220;48px&#8220; box_shadow_spread=&#8220;-24px&#8220; global_colors_info=&#8220;{}&#8220;][\/et_pb_image][\/et_pb_column][et_pb_column type=&#8220;1_4&#8243; _builder_version=&#8220;4.16&#8243; _module_preset=&#8220;default&#8220; global_colors_info=&#8220;{}&#8220;][et_pb_image src=&#8220;http:\/\/newvalfish.ch\/wp-content\/uploads\/2023\/10\/Valfish-34.webp&#8220; title_text=&#8220;Valfish-34&#8243; force_fullwidth=&#8220;on&#8220; _builder_version=&#8220;4.22.2&#8243; _module_preset=&#8220;default&#8220; border_radii=&#8220;on|0%|0%|0%|0%&#8220; box_shadow_style=&#8220;preset3&#8243; box_shadow_vertical=&#8220;48px&#8220; box_shadow_blur=&#8220;48px&#8220; box_shadow_spread=&#8220;-24px&#8220; global_colors_info=&#8220;{}&#8220;][\/et_pb_image][\/et_pb_column][et_pb_column type=&#8220;1_4&#8243; _builder_version=&#8220;4.16&#8243; _module_preset=&#8220;default&#8220; border_radii=&#8220;on|300px|300px|300px|300px&#8220; global_colors_info=&#8220;{}&#8220;][\/et_pb_column][\/et_pb_row][\/et_pb_section][et_pb_section fb_built=&#8220;1&#8243; _builder_version=&#8220;4.22.2&#8243; _module_preset=&#8220;default&#8220; locked=&#8220;off&#8220; global_colors_info=&#8220;{}&#8220;][et_pb_row column_structure=&#8220;1_3,1_3,1_3&#8243; _builder_version=&#8220;4.22.2&#8243; _module_preset=&#8220;default&#8220; global_colors_info=&#8220;{}&#8220;][et_pb_column type=&#8220;1_3&#8243; _builder_version=&#8220;4.22.2&#8243; _module_preset=&#8220;default&#8220; global_colors_info=&#8220;{}&#8220;][et_pb_blurb title=&#8220;+41 24 481 87 23&#8243; use_icon=&#8220;on&#8220; font_icon=&#8220;&#xe090;||divi||400&#8243; image_icon_width=&#8220;60px&#8220; _builder_version=&#8220;4.22.2&#8243; _module_preset=&#8220;default&#8220; header_font=&#8220;Alata||||||||&#8220; header_text_align=&#8220;center&#8220; global_colors_info=&#8220;{}&#8220;][\/et_pb_blurb][\/et_pb_column][et_pb_column type=&#8220;1_3&#8243; _builder_version=&#8220;4.22.2&#8243; _module_preset=&#8220;default&#8220; global_colors_info=&#8220;{}&#8220;][et_pb_blurb title=&#8220;office@newvalfish.ch  &#8220; use_icon=&#8220;on&#8220; font_icon=&#8220;&#xe010;||divi||400&#8243; image_icon_width=&#8220;60px&#8220; _builder_version=&#8220;4.22.2&#8243; _module_preset=&#8220;default&#8220; header_font=&#8220;Alata||||||||&#8220; header_text_align=&#8220;center&#8220; global_colors_info=&#8220;{}&#8220;][\/et_pb_blurb][\/et_pb_column][et_pb_column type=&#8220;1_3&#8243; _builder_version=&#8220;4.22.2&#8243; _module_preset=&#8220;default&#8220; global_colors_info=&#8220;{}&#8220;][et_pb_blurb title=&#8220;Route des \u00celes 84 &#8211; 1897 Le Bouveret&#8220; use_icon=&#8220;on&#8220; font_icon=&#8220;&#xf3c5;||fa||900&#8243; image_icon_width=&#8220;60px&#8220; _builder_version=&#8220;4.22.2&#8243; _module_preset=&#8220;default&#8220; header_font=&#8220;Alata||||||||&#8220; header_text_align=&#8220;center&#8220; global_colors_info=&#8220;{}&#8220;][\/et_pb_blurb][\/et_pb_column][\/et_pb_row][\/et_pb_section]<\/p>\n","protected":false},"excerpt":{"rendered":"<p>New valfish Ihr Schweizer Produzent von Bio-ForellenWarum Bio-Fisch essen?Bio-Lebensmittel werden entlang der gesamten Produktionskette kontrolliert. Bio steht ausserdem daf\u00fcr, den Tieren eine Umgebung und eine Lebensqualit\u00e4t zu bieten, die jener in ihrem nat\u00fcrlichen Habitat nahekommt. Schliesslich bedeutet es f\u00fcr die Konsumentinnen und Konsumenten, ein Produkt mit erstklassigen N\u00e4hrwerten zu erhalten. Bio zu essen ist vor [&hellip;]<\/p>\n","protected":false},"author":1,"featured_media":0,"parent":0,"menu_order":0,"comment_status":"closed","ping_status":"closed","template":"","meta":{"_et_pb_use_builder":"on","_et_pb_old_content":"","_et_gb_content_width":"","footnotes":""},"class_list":["post-29281","page","type-page","status-publish","hentry"],"_links":{"self":[{"href":"https:\/\/newvalfish.ch\/de\/wp-json\/wp\/v2\/pages\/29281","targetHints":{"allow":["GET"]}}],"collection":[{"href":"https:\/\/newvalfish.ch\/de\/wp-json\/wp\/v2\/pages"}],"about":[{"href":"https:\/\/newvalfish.ch\/de\/wp-json\/wp\/v2\/types\/page"}],"author":[{"embeddable":true,"href":"https:\/\/newvalfish.ch\/de\/wp-json\/wp\/v2\/users\/1"}],"replies":[{"embeddable":true,"href":"https:\/\/newvalfish.ch\/de\/wp-json\/wp\/v2\/comments?post=29281"}],"version-history":[{"count":8,"href":"https:\/\/newvalfish.ch\/de\/wp-json\/wp\/v2\/pages\/29281\/revisions"}],"predecessor-version":[{"id":29326,"href":"https:\/\/newvalfish.ch\/de\/wp-json\/wp\/v2\/pages\/29281\/revisions\/29326"}],"wp:attachment":[{"href":"https:\/\/newvalfish.ch\/de\/wp-json\/wp\/v2\/media?parent=29281"}],"curies":[{"name":"wp","href":"https:\/\/api.w.org\/{rel}","templated":true}]}}